{"id":234,"date":"2018-01-03T01:58:24","date_gmt":"2018-01-03T01:58:24","guid":{"rendered":"http:\/\/www.soldadorassommer.com.ar\/wp2\/?page_id=234"},"modified":"2018-01-03T02:00:40","modified_gmt":"2018-01-03T02:00:40","slug":"servicio-tecnico","status":"publish","type":"page","link":"https:\/\/www.soldadorassommer.com.ar\/wp2\/?page_id=234","title":{"rendered":"Servicio T\u00e9cnico"},"content":{"rendered":"<p><img loading=\"lazy\" decoding=\"async\" class=\"size-full wp-image-237 alignleft\" src=\"http:\/\/www.soldadorassommer.com.ar\/wp2\/wp-content\/uploads\/2018\/01\/serviciotec.jpg\" alt=\"\" width=\"210\" height=\"480\" srcset=\"https:\/\/www.soldadorassommer.com.ar\/wp2\/wp-content\/uploads\/2018\/01\/serviciotec.jpg 210w, https:\/\/www.soldadorassommer.com.ar\/wp2\/wp-content\/uploads\/2018\/01\/serviciotec-131x300.jpg 131w, https:\/\/www.soldadorassommer.com.ar\/wp2\/wp-content\/uploads\/2018\/01\/serviciotec-70x160.jpg 70w\" sizes=\"auto, (max-width: 210px) 100vw, 210px\" \/>Soldadoras Sommer asume un compromiso de calidad y la excelencia a trav\u00e9s de la Reparaci\u00f3n de Equipos de Corte y Soldadura de todas las marcas tanto nacionales como internacionales. Somos lideres en este \u00e1rea dada la preparaci\u00f3n t\u00e9cnica de nuestro plantel de trabajo quienes son consientes de la importancia de este tipo de Herramientas y capital de trabajo para nuestros clientes.<\/p>\n<p>La transparencia obtenida durante decadas de trabajo, dan confianza a todas las empresas que quieran disponer de nuestros servicios, las cuales tienen a disposicion una serie de Grandes, Medianas y Pequenas empresas para solicitar referencias de nuestra manera de trabajar y fundamentalmente de nuestra Etica y Responsabilidad Social.<\/p>\n<p>Contamos con un importante soporte f\u00edsico que esta a disposici\u00f3n de nuestro plantel de trabajo; provocando, entre otras cosas, ser la \u00fanica empresa de Soldadoras del pa\u00eds que brinda un servicio t\u00e9cnico las 24 hs del d\u00eda en el lugar de trabajo de nuestros clientes.<\/p>\n","protected":false},"excerpt":{"rendered":"<p>Soldadoras Sommer asume un compromiso de calidad y la excelencia a trav\u00e9s de la Reparaci\u00f3n de Equipos de Corte y Soldadura de todas las marcas tanto nacionales como internacionales. Somos lideres en este \u00e1rea dada la preparaci\u00f3n t\u00e9cnica de nuestro plantel de trabajo quienes son consientes de la importancia de este tipo de Herramientas y [&hellip;]<\/p>\n","protected":false},"author":1,"featured_media":0,"parent":0,"menu_order":0,"comment_status":"closed","ping_status":"closed","template":"","meta":{"content-type":"","footnotes":""},"class_list":["post-234","page","type-page","status-publish","hentry"],"_links":{"self":[{"href":"https:\/\/www.soldadorassommer.com.ar\/wp2\/index.php?rest_route=\/wp\/v2\/pages\/234","targetHints":{"allow":["GET"]}}],"collection":[{"href":"https:\/\/www.soldadorassommer.com.ar\/wp2\/index.php?rest_route=\/wp\/v2\/pages"}],"about":[{"href":"https:\/\/www.soldadorassommer.com.ar\/wp2\/index.php?rest_route=\/wp\/v2\/types\/page"}],"author":[{"embeddable":true,"href":"https:\/\/www.soldadorassommer.com.ar\/wp2\/index.php?rest_route=\/wp\/v2\/users\/1"}],"replies":[{"embeddable":true,"href":"https:\/\/www.soldadorassommer.com.ar\/wp2\/index.php?rest_route=%2Fwp%2Fv2%2Fcomments&post=234"}],"version-history":[{"count":4,"href":"https:\/\/www.soldadorassommer.com.ar\/wp2\/index.php?rest_route=\/wp\/v2\/pages\/234\/revisions"}],"predecessor-version":[{"id":239,"href":"https:\/\/www.soldadorassommer.com.ar\/wp2\/index.php?rest_route=\/wp\/v2\/pages\/234\/revisions\/239"}],"wp:attachment":[{"href":"https:\/\/www.soldadorassommer.com.ar\/wp2\/index.php?rest_route=%2Fwp%2Fv2%2Fmedia&parent=234"}],"curies":[{"name":"wp","href":"https:\/\/api.w.org\/{rel}","templated":true}]}}